{"id":76,"date":"2020-04-30T10:37:55","date_gmt":"2020-04-30T08:37:55","guid":{"rendered":"http:\/\/www.fairmaker.be\/?page_id=76"},"modified":"2020-05-12T11:38:15","modified_gmt":"2020-05-12T09:38:15","slug":"demande-de-visieres","status":"publish","type":"page","link":"https:\/\/www.fairmaker.be\/?page_id=76","title":{"rendered":"Demande de visi\u00e8res"},"content":{"rendered":"\n<figure class=\"wp-block-image size-large\"><img loading=\"lazy\" width=\"1024\" height=\"683\" src=\"http:\/\/www.fairmaker.be\/wp-content\/uploads\/2020\/04\/DSC_1342-1024x683.jpg\" alt=\"\" class=\"wp-image-28\" srcset=\"https:\/\/www.fairmaker.be\/wp-content\/uploads\/2020\/04\/DSC_1342-1024x683.jpg 1024w, https:\/\/www.fairmaker.be\/wp-content\/uploads\/2020\/04\/DSC_1342-300x200.jpg 300w, https:\/\/www.fairmaker.be\/wp-content\/uploads\/2020\/04\/DSC_1342-768x512.jpg 768w, https:\/\/www.fairmaker.be\/wp-content\/uploads\/2020\/04\/DSC_1342-1568x1045.jpg 1568w\" sizes=\"(max-width: 767px) 89vw, (max-width: 1000px) 54vw, (max-width: 1071px) 543px, 580px\" \/><figcaption>La premi\u00e8re g\u00e9n\u00e9ration de mod\u00e8le de visi\u00e8re ayant insipr\u00e9 les plus r\u00e9cents mod\u00e8les <a href=\"https:\/\/www.facebook.com\/groups\/3177761325568431\">NewShield<\/a> . Les nouveaux mod\u00e8les plus pratiques permettent une insertion ais\u00e9e et stable des feuilles de PVC <\/figcaption><\/figure>\n\n\n\n<p>Les visi\u00e8res \u00ab\u00a0m\u00e9dicales\u00a0\u00bb  que nous imprimons (g\u00e9n\u00e9ralement des mod\u00e8les <em><a rel=\"noreferrer noopener\" href=\"https:\/\/www.facebook.com\/groups\/3177761325568431\" target=\"_blank\">NewShield<\/a> lite<\/em>) sont en trois parties : un support PLA ou PET, une feuille PVC d\u00e9coup\u00e9e de 200 microns, et un \u00e9lastique de boutonni\u00e8re. Elles sont r\u00e9put\u00e9es tr\u00e8s confortables. Nous pouvons \u00e9galement vous procurer des clips (ou <em>straps<\/em>) pour soulager vos oreilles en les d\u00e9lestant des \u00e9lastiques de vos masques.<\/p>\n\n\n\n<p>La fiche technique qui comporte un mode d&#8217;emploi est t\u00e9l\u00e9chargeable sur <a rel=\"noreferrer noopener\" href=\"http:\/\/www.fairmaker.be\/wp-content\/uploads\/2020\/05\/FAIRMAKER-NOTICE-20200504.pdf\" target=\"_blank\">ce lien<\/a>.<\/p>\n\n\n\n<p>Si vous travaillez dans le domaine m\u00e9dical, social, de l&rsquo;\u00e9ducation ou tout autre domaine n\u00e9cessitant une protection suppl\u00e9mentaire au masque, compl\u00e9tez ce formulaire pour recevoir notre aide :<\/p>\n\n\n<div role=\"form\" class=\"wpcf7\" id=\"wpcf7-f78-o1\" lang=\"fr-FR\" dir=\"ltr\">\n<div class=\"screen-reader-response\"><p role=\"status\" aria-live=\"polite\" aria-atomic=\"true\"><\/p> <ul><\/ul><\/div>\n<form action=\"\/index.php?rest_route=%2Fwp%2Fv2%2Fpages%2F76#wpcf7-f78-o1\" method=\"post\" class=\"wpcf7-form init\" novalidate=\"novalidate\" data-status=\"init\">\n<div style=\"display: none;\">\n<input type=\"hidden\" name=\"_wpcf7\" value=\"78\" \/>\n<input type=\"hidden\" name=\"_wpcf7_version\" value=\"5.3\" \/>\n<input type=\"hidden\" name=\"_wpcf7_locale\" value=\"fr_FR\" \/>\n<input type=\"hidden\" name=\"_wpcf7_unit_tag\" value=\"wpcf7-f78-o1\" \/>\n<input type=\"hidden\" name=\"_wpcf7_container_post\" value=\"0\" \/>\n<input type=\"hidden\" name=\"_wpcf7_posted_data_hash\" value=\"\" \/>\n<\/div>\n<p style=\"display:none;\"><span class=\"wpcf7-form-control-wrap post-date\"><input type=\"text\" name=\"post-date\" value=\"post_date\" size=\"40\" class=\"wpcf7-form-control wpcf7-text\" id=\"vis-pos-date\" aria-invalid=\"false\" \/><\/span><\/p>\n<p><label>O\u00f9 pr\u00e9f\u00e9rez vous venir chercher les visi\u00e8res\/clips?<br \/>\n<span class=\"wpcf7-form-control-wrap menu-pickup\"><select name=\"menu-pickup\" class=\"wpcf7-form-control wpcf7-select\" aria-invalid=\"false\"><option value=\"Bruxelles (Uccle)\">Bruxelles (Uccle)<\/option><option value=\"Hainaut (Enghien)\">Hainaut (Enghien)<\/option><\/select><\/span> <\/label><\/p>\n<p><label> Votre nom (obligatoire)<br \/>\n    <span class=\"wpcf7-form-control-wrap your-name\"><input type=\"text\" name=\"your-name\" value=\"\" size=\"40\" class=\"wpcf7-form-control wpcf7-text wpcf7-validates-as-required\" aria-required=\"true\" aria-invalid=\"false\" \/><\/span> <\/label><\/p>\n<p><label> Votre adresse de messagerie (obligatoire)<br \/>\n    <span class=\"wpcf7-form-control-wrap your-email\"><input type=\"email\" name=\"your-email\" value=\"\" size=\"40\" class=\"wpcf7-form-control wpcf7-text wpcf7-email wpcf7-validates-as-required wpcf7-validates-as-email\" aria-required=\"true\" aria-invalid=\"false\" \/><\/span> <\/label><\/p>\n<p><label> Votre n\u00b0 de  smartphone (obligatoire, utilis\u00e9 uniquement pour arranger le retrait)<br \/>\n<span class=\"wpcf7-form-control-wrap tel-gsm\"><input type=\"tel\" name=\"tel-gsm\" value=\"04\" size=\"40\" class=\"wpcf7-form-control wpcf7-text wpcf7-tel wpcf7-validates-as-required wpcf7-validates-as-tel\" aria-required=\"true\" aria-invalid=\"false\" \/><\/span> <\/label><\/p>\n<p><label> Combien de visi\u00e8res avez-vous besoin ?<br \/>\n    <span class=\"wpcf7-form-control-wrap qt-visieres\"><input type=\"number\" name=\"qt-visieres\" value=\"\" class=\"wpcf7-form-control wpcf7-number wpcf7-validates-as-number\" aria-invalid=\"false\" \/><\/span> <\/label><\/p>\n<p><label> Combien de clips (soulagent les oreilles lors du port d'un masque \u00e0 \u00e9lastiques) avez-vous besoin ?<br \/>\n    <span class=\"wpcf7-form-control-wrap qt-clips\"><input type=\"number\" name=\"qt-clips\" value=\"\" class=\"wpcf7-form-control wpcf7-number wpcf7-validates-as-number\" aria-invalid=\"false\" \/><\/span> <\/label><\/p>\n<p><script>\nfunction checkZero(data){\n  if(data.length == 1){\n    data = \"0\" + data;\n  }\n  return data;\n}\nvar Samere = function(){\nvar today = new Date();\nvar day = today.getDate() + \"\";\nvar month = (today.getMonth() + 1) + \"\";\nvar year = today.getFullYear() + \"\";\nvar hour = today.getHours() + \"\";\nvar minutes = today.getMinutes() + \"\";\nvar seconds = today.getSeconds() + \"\";\nday = checkZero(day);\nmonth = checkZero(month);\nyear = checkZero(year);\nhour = checkZero(hour);\nminutes = checkZero(minutes);\nseconds = checkZero(seconds);\nvar dtFinal = day + \"\/\" + month + \"\/\" + year + \" \" + hour + \":\" + minutes + \":\" + seconds;\ndocument.getElementById('vis-pos-date').value=dtFinal\n}\nSamere();\ndocument.addEventListener( 'wpcf7submit', function( event ) {\nSamere();\n}, false );\ndocument.addEventListener( 'wpcf7mailsent', function( event ) {\n    location = '?page_id=124';\n}, false );\n<\/script><\/p>\n<p><label> Justification de la demande (fonction\/m\u00e9tier, nom de votre organisation)<br \/>\n    <span class=\"wpcf7-form-control-wrap justification\"><textarea name=\"justification\" cols=\"40\" rows=\"10\" class=\"wpcf7-form-control wpcf7-textarea wpcf7-validates-as-required\" aria-required=\"true\" aria-invalid=\"false\"><\/textarea><\/span> <\/label><\/p>\n<p><label> Si disponible, url vers votre profil ou organisation<br \/>\n    <span class=\"wpcf7-form-control-wrap url-organisation\"><input type=\"url\" name=\"url-organisation\" value=\"\" size=\"40\" class=\"wpcf7-form-control wpcf7-text wpcf7-url wpcf7-validates-as-url\" aria-invalid=\"false\" \/><\/span> <\/label><\/p>\n<p><label>Vous n'\u00eates certainement pas un robot, merci de recopier ceci pour \u00e9liminer nos doutes : <input type=\"hidden\" name=\"_wpcf7_captcha_challenge_captcha-170\" value=\"1684633771\" \/><img class=\"wpcf7-form-control wpcf7-captchac wpcf7-captcha-captcha-170\" width=\"72\" height=\"24\" alt=\"captcha\" src=\"https:\/\/www.fairmaker.be\/wp-content\/uploads\/wpcf7_captcha\/1684633771.png\" \/><br \/>\n<span class=\"wpcf7-form-control-wrap captcha-170\"><input type=\"text\" name=\"captcha-170\" value=\"\" size=\"4\" maxlength=\"4\" class=\"wpcf7-form-control wpcf7-captchar\" autocomplete=\"off\" aria-invalid=\"false\" \/><\/span> <\/label><\/p>\n<p><input type=\"submit\" value=\"Envoyer\" class=\"wpcf7-form-control wpcf7-submit\" \/><\/p>\n<div class=\"wpcf7-response-output\" aria-hidden=\"true\"><\/div><\/form><\/div>\n\n\n\n<p><\/p>\n","protected":false},"excerpt":{"rendered":"<p>Les visi\u00e8res \u00ab\u00a0m\u00e9dicales\u00a0\u00bb que nous imprimons (g\u00e9n\u00e9ralement des mod\u00e8les NewShield lite) sont en trois parties : un support PLA ou PET, une feuille PVC d\u00e9coup\u00e9e de 200 microns, et un \u00e9lastique de boutonni\u00e8re. Elles sont r\u00e9put\u00e9es tr\u00e8s confortables. Nous pouvons \u00e9galement vous procurer des clips (ou straps) pour soulager vos oreilles en les d\u00e9lestant des &hellip; <\/p>\n<p class=\"link-more\"><a href=\"https:\/\/www.fairmaker.be\/?page_id=76\" class=\"more-link\">Continuer la lecture<span class=\"screen-reader-text\"> de &laquo;&nbsp;Demande de visi\u00e8res&nbsp;&raquo;<\/span><\/a><\/p>\n","protected":false},"author":1,"featured_media":0,"parent":0,"menu_order":0,"comment_status":"closed","ping_status":"closed","template":"","meta":[],"_links":{"self":[{"href":"https:\/\/www.fairmaker.be\/index.php?rest_route=\/wp\/v2\/pages\/76"}],"collection":[{"href":"https:\/\/www.fairmaker.be\/index.php?rest_route=\/wp\/v2\/pages"}],"about":[{"href":"https:\/\/www.fairmaker.be\/index.php?rest_route=\/wp\/v2\/types\/page"}],"author":[{"embeddable":true,"href":"https:\/\/www.fairmaker.be\/index.php?rest_route=\/wp\/v2\/users\/1"}],"replies":[{"embeddable":true,"href":"https:\/\/www.fairmaker.be\/index.php?rest_route=%2Fwp%2Fv2%2Fcomments&post=76"}],"version-history":[{"count":13,"href":"https:\/\/www.fairmaker.be\/index.php?rest_route=\/wp\/v2\/pages\/76\/revisions"}],"predecessor-version":[{"id":292,"href":"https:\/\/www.fairmaker.be\/index.php?rest_route=\/wp\/v2\/pages\/76\/revisions\/292"}],"wp:attachment":[{"href":"https:\/\/www.fairmaker.be\/index.php?rest_route=%2Fwp%2Fv2%2Fmedia&parent=76"}],"curies":[{"name":"wp","href":"https:\/\/api.w.org\/{rel}","templated":true}]}}