{"id":19,"date":"2020-04-29T13:44:42","date_gmt":"2020-04-29T11:44:42","guid":{"rendered":"http:\/\/fairmaq.cluster028.hosting.ovh.net\/?page_id=19"},"modified":"2020-05-04T02:03:59","modified_gmt":"2020-05-04T00:03:59","slug":"contact","status":"publish","type":"page","link":"https:\/\/www.fairmaker.be\/?page_id=19","title":{"rendered":"Contact"},"content":{"rendered":"<p>Vous pouvez nous contacter par <a href=\"mailto:contact@fairmaker.be\">email<\/a> ou via notre page <a href=\"https:\/\/www.facebook.com\/visieresolidairebelgique\/\">Facebook<\/a>.<\/p>\n<p>Si vous d\u00e9sirez des visi\u00e8res, veuillez introduire votre demande sur <a href=\"http:\/\/www.fairmaker.be\/?page_id=76\">le formulaire<\/a>.<\/p>\n<p>Si vous d\u00e9sirez nous soutenir, contactez-nous par <a href=\"mailto:contact@fairmaker.be\">email<\/a> ou participez \u00e0 la <a href=\"https:\/\/www.leetchi.com\/c\/visieres-solidaires-hainaut\">cagnotte<\/a>. \ud83d\ude42<\/p>\n","protected":false},"excerpt":{"rendered":"<p>Vous pouvez nous contacter par email ou via notre page Facebook. Si vous d\u00e9sirez des visi\u00e8res, veuillez introduire votre demande sur le formulaire. Si vous d\u00e9sirez nous soutenir, contactez-nous par email ou participez \u00e0 la cagnotte. \ud83d\ude42<\/p>\n","protected":false},"author":1,"featured_media":51,"parent":0,"menu_order":0,"comment_status":"closed","ping_status":"closed","template":"","meta":[],"_links":{"self":[{"href":"https:\/\/www.fairmaker.be\/index.php?rest_route=\/wp\/v2\/pages\/19"}],"collection":[{"href":"https:\/\/www.fairmaker.be\/index.php?rest_route=\/wp\/v2\/pages"}],"about":[{"href":"https:\/\/www.fairmaker.be\/index.php?rest_route=\/wp\/v2\/types\/page"}],"author":[{"embeddable":true,"href":"https:\/\/www.fairmaker.be\/index.php?rest_route=\/wp\/v2\/users\/1"}],"replies":[{"embeddable":true,"href":"https:\/\/www.fairmaker.be\/index.php?rest_route=%2Fwp%2Fv2%2Fcomments&post=19"}],"version-history":[{"count":9,"href":"https:\/\/www.fairmaker.be\/index.php?rest_route=\/wp\/v2\/pages\/19\/revisions"}],"predecessor-version":[{"id":213,"href":"https:\/\/www.fairmaker.be\/index.php?rest_route=\/wp\/v2\/pages\/19\/revisions\/213"}],"wp:featuredmedia":[{"embeddable":true,"href":"https:\/\/www.fairmaker.be\/index.php?rest_route=\/wp\/v2\/media\/51"}],"wp:attachment":[{"href":"https:\/\/www.fairmaker.be\/index.php?rest_route=%2Fwp%2Fv2%2Fmedia&parent=19"}],"curies":[{"name":"wp","href":"https:\/\/api.w.org\/{rel}","templated":true}]}}