{"id":120,"date":"2020-05-01T00:59:17","date_gmt":"2020-04-30T22:59:17","guid":{"rendered":"http:\/\/www.fairmaker.be\/?page_id=120"},"modified":"2020-05-06T19:26:33","modified_gmt":"2020-05-06T17:26:33","slug":"votre-soutien","status":"publish","type":"page","link":"https:\/\/www.fairmaker.be\/?page_id=120","title":{"rendered":"Votre soutien"},"content":{"rendered":"\n<p>Pour soutenir nos actions, nous avons lanc\u00e9 au d\u00e9but de la crise du Covid-19 une cagnotte Leetchi sous le nom provisoire de \u00ab <em><a rel=\"noreferrer noopener\" href=\"https:\/\/www.leetchi.com\/c\/visieres-solidaires-hainaut\" target=\"_blank\">Visi\u00e8re Solidaire Belgique !<\/a><\/em> \u00bb. <strong>Un \u00e9norme merci \u00e0 tous les participants, c&rsquo;est vous qui rendez notre action possible!<\/strong><\/p>\n\n\n\n<p>D&rsquo;autres solutions seront bient\u00f4t propos\u00e9es en ligne.<\/p>\n\n\n\n<p><strong>Nous remercions \u00e9galement du fond du coeur les entreprises qui nous ont aid\u00e9:<\/strong><\/p>\n\n\n\n<p><a rel=\"noreferrer noopener\" href=\"http:\/\/www.assabban.be\" target=\"_blank\">Assabban<\/a> nous a offert  les \u00e9lastiques boutonni\u00e8re pour des milliers de visi\u00e8re. Merci!<\/p>\n\n\n\n<p><a rel=\"noreferrer noopener\" href=\"http:\/\/electrotheque.be\/\" target=\"_blank\">Electrotheque<\/a> nous as offert plusieurs rouleaux de PLA. Merci!<\/p>\n\n\n\n<p>Plusieurs autres acteurs priv\u00e9s ont adapt\u00e9s leur prix pour faire face \u00e0 la crise. Merci!<\/p>\n\n\n\n<p>D&rsquo;autres ont augment\u00e9 les prix de leurs feuille PVC, parfois jusqu&rsquo;au triple. Et n&rsquo;ont jamais daign\u00e9 r\u00e9pondre \u00e0 nos demandes. Que ces derniers ne soient pas remerci\u00e9s.<\/p>\n\n\n\n<p><strong>Thumbs up<\/strong> \u00e0 toutes les entreprises belges qui n&rsquo;ont pas fait grimper leurs tarifs sur les mati\u00e8res premi\u00e8res li\u00e9es \u00e0 la confection de masques textiles, visi\u00e8res PLA et tout autres produits et services cruciaux dans la bataille contre cette pand\u00e9mie.<\/p>\n\n\n\n<p><\/p>\n","protected":false},"excerpt":{"rendered":"<p>Pour soutenir nos actions, nous avons lanc\u00e9 au d\u00e9but de la crise du Covid-19 une cagnotte Leetchi sous le nom provisoire de \u00ab Visi\u00e8re Solidaire Belgique ! \u00bb. Un \u00e9norme merci \u00e0 tous les participants, c&rsquo;est vous qui rendez notre action possible! D&rsquo;autres solutions seront bient\u00f4t propos\u00e9es en ligne. Nous remercions \u00e9galement du fond du &hellip; <\/p>\n<p class=\"link-more\"><a href=\"https:\/\/www.fairmaker.be\/?page_id=120\" class=\"more-link\">Continuer la lecture<span class=\"screen-reader-text\"> de &laquo;&nbsp;Votre soutien&nbsp;&raquo;<\/span><\/a><\/p>\n","protected":false},"author":1,"featured_media":0,"parent":0,"menu_order":0,"comment_status":"closed","ping_status":"closed","template":"","meta":[],"_links":{"self":[{"href":"https:\/\/www.fairmaker.be\/index.php?rest_route=\/wp\/v2\/pages\/120"}],"collection":[{"href":"https:\/\/www.fairmaker.be\/index.php?rest_route=\/wp\/v2\/pages"}],"about":[{"href":"https:\/\/www.fairmaker.be\/index.php?rest_route=\/wp\/v2\/types\/page"}],"author":[{"embeddable":true,"href":"https:\/\/www.fairmaker.be\/index.php?rest_route=\/wp\/v2\/users\/1"}],"replies":[{"embeddable":true,"href":"https:\/\/www.fairmaker.be\/index.php?rest_route=%2Fwp%2Fv2%2Fcomments&post=120"}],"version-history":[{"count":6,"href":"https:\/\/www.fairmaker.be\/index.php?rest_route=\/wp\/v2\/pages\/120\/revisions"}],"predecessor-version":[{"id":255,"href":"https:\/\/www.fairmaker.be\/index.php?rest_route=\/wp\/v2\/pages\/120\/revisions\/255"}],"wp:attachment":[{"href":"https:\/\/www.fairmaker.be\/index.php?rest_route=%2Fwp%2Fv2%2Fmedia&parent=120"}],"curies":[{"name":"wp","href":"https:\/\/api.w.org\/{rel}","templated":true}]}}